{"id":547,"date":"2024-04-08T12:46:34","date_gmt":"2024-04-08T12:46:34","guid":{"rendered":"https:\/\/reinsepp.org.ee\/luule\/"},"modified":"2026-04-03T21:05:10","modified_gmt":"2026-04-03T21:05:10","slug":"gedichte","status":"publish","type":"page","link":"https:\/\/reinsepp.org.ee\/de\/gedichte\/","title":{"rendered":"Lyrik auf Deutsch"},"content":{"rendered":"\n<div class=\"wp-block-group alignfull has-background-background-color has-background has-global-padding is-layout-constrained wp-container-core-group-is-layout-7276a2bb wp-block-group-is-layout-constrained\" style=\"margin-top:0;margin-bottom:0;padding-top:var(--wp--preset--spacing--60);padding-right:var(--wp--preset--spacing--30);padding-bottom:var(--wp--preset--spacing--60);padding-left:var(--wp--preset--spacing--30)\">\n<div class=\"wp-block-group alignwide has-global-padding is-content-justification-left is-layout-constrained wp-container-core-group-is-layout-8b4c372c wp-block-group-is-layout-constrained\">\n<p style=\"margin-top:16px\"><\/p>\n<\/div>\n\n\n\n<div class=\"wp-block-column is-layout-flow wp-container-core-column-is-layout-f5bb311e wp-block-column-is-layout-flow\">\n<div class=\"wp-block-group has-border-color has-tertiary-border-color has-global-padding is-layout-constrained wp-container-core-group-is-layout-3bcd2578 wp-block-group-is-layout-constrained\" style=\"border-width:1px;border-radius:4px;padding-top:24px;padding-right:24px;padding-bottom:24px;padding-left:24px\">\n<h4 class=\"wp-block-heading has-medium-font-size\"><\/h4>\n\n\n\n<p>und obwohl auch nur hauch und schimmer,<br>das leben jedoch ist,<br>so etwas ist es, was man immer<br>im leben selbst vermisst,<br>und deshalb wahrlich: mensch, erfahre!<br>ins leben sacht hinein!<br>sonst w\u00e4ren all die langen jahre<br>an und f\u00fcr sich ein schein<\/p>\n\n\n\n<div class=\"wp-block-group is-nowrap is-layout-flex wp-container-core-group-is-layout-2f2304bb wp-block-group-is-layout-flex\" style=\"margin-top:24px\">\n<p class=\"has-primary-color has-text-color has-small-font-size\">1994 nov.<\/p>\n<\/div>\n<\/div>\n\n\n\n<div class=\"wp-block-group has-border-color has-tertiary-border-color has-global-padding is-layout-constrained wp-container-core-group-is-layout-3bcd2578 wp-block-group-is-layout-constrained\" style=\"border-width:1px;border-radius:4px;padding-top:24px;padding-right:24px;padding-bottom:24px;padding-left:24px\">\n<h4 class=\"wp-block-heading has-medium-font-size\"><\/h4>\n\n\n\n<p>in allen breiten, allen weiten<br>unz\u00e4hlbare genauigkeiten,<br>was auch so fern, was auch so nah<br>es scheint, die welt ist l\u00e4ngst schon da,<br>bewusst des eignen tr\u00fcben ortes<br>und im wahren sinn des wahren wortes<\/p>\n\n\n\n<div class=\"wp-block-group is-nowrap is-layout-flex wp-container-core-group-is-layout-2f2304bb wp-block-group-is-layout-flex\" style=\"margin-top:24px\">\n<p class=\"has-primary-color has-text-color has-small-font-size\">06.01.1994<\/p>\n<\/div>\n<\/div>\n\n\n\n<div class=\"wp-block-group has-border-color has-tertiary-border-color has-global-padding is-layout-constrained wp-container-core-group-is-layout-3bcd2578 wp-block-group-is-layout-constrained\" style=\"border-width:1px;border-radius:4px;padding-top:24px;padding-right:24px;padding-bottom:24px;padding-left:24px\">\n<h4 class=\"wp-block-heading has-medium-font-size\"><\/h4>\n\n\n\n<p>es gibt doch ein lied, wo die kl\u00e4nge<br>vollkommen werden, ges\u00e4nge<br>stets warten und haben zeit<br>trotz ihrem klang der vollkommenheit<br>und schweben dann in die lieder ein<br>nach sinn, nach werd und dem sein<\/p>\n\n\n\n<div class=\"wp-block-group is-nowrap is-layout-flex wp-container-core-group-is-layout-2f2304bb wp-block-group-is-layout-flex\" style=\"margin-top:24px\">\n<p class=\"has-primary-color has-text-color has-small-font-size\">20.01.1981<\/p>\n<\/div>\n<\/div>\n\n\n\n<div class=\"wp-block-group has-border-color has-tertiary-border-color has-global-padding is-layout-constrained wp-container-core-group-is-layout-3bcd2578 wp-block-group-is-layout-constrained\" style=\"border-width:1px;border-radius:4px;padding-top:24px;padding-right:24px;padding-bottom:24px;padding-left:24px\">\n<h4 class=\"wp-block-heading has-medium-font-size\"><\/h4>\n\n\n\n<p>Im Urchaos einst, am Weltenrand<br>gedacht, getan, das Nichts entstand<br>was da der Teil nach, wo das Ganze<br>alle Teilchen eilten weg zum Tanze<br>mit einem Hauch und Wellenschweben<br>sich machte denkbar auch das Leben<br>samt seiner wahren Fraglichkeit<br>das Nichts doch wusste schon Bescheid<\/p>\n\n\n\n<p>doch ward der Mensch, ward froher Sinn<br>und ward des Nichts Nichtz\u00e4hlerin<br>es hiess, ja, h\u00f6rt, die Welt zu schonen<br>schrien auf im All die Plusprotonen<\/p>\n\n\n\n<p>nur irgendwo die dichte Erde<br>und wiederum wie: Fr\u00fchling, werde<\/p>\n\n\n\n<div class=\"wp-block-group is-nowrap is-layout-flex wp-container-core-group-is-layout-2f2304bb wp-block-group-is-layout-flex\" style=\"margin-top:24px\">\n<p class=\"has-primary-color has-text-color has-small-font-size\">1993 okt.<\/p>\n<\/div>\n<\/div>\n\n\n\n<div class=\"wp-block-group has-border-color has-tertiary-border-color has-global-padding is-layout-constrained wp-container-core-group-is-layout-3bcd2578 wp-block-group-is-layout-constrained\" style=\"border-width:1px;border-radius:4px;padding-top:24px;padding-right:24px;padding-bottom:24px;padding-left:24px\">\n<h4 class=\"wp-block-heading has-medium-font-size\"><\/h4>\n\n\n\n<p>Geschehen Dinge, Wunder kaum.<br>Einmal ein B\u00e4r im B\u00e4rentraum<br>sah seine eigne Frau B\u00e4rine<br>beim N\u00e4hen mit der N\u00e4hmaschine,<br>bloss der Augenblick war nicht dabei.<br>Der B\u00e4r nahm morgens die Ursachen,<br>ging ohne Kost und Gruss und Lachen<br>und begr\u00fcndete die Treiberei,<br>die von Anfang an in Halbbetriebe,<br>weil B\u00e4ren ziehen vor die Liebe.<\/p>\n\n\n\n<p>Leicht in tr\u00e4umen eine m\u00fchle<br>zog auf wanderschaft<br>mit sich nahm sie sieben st\u00fchle<br>falls verlust an kraft<\/p>\n\n\n\n<p>zuckte z\u00f6gernd bei dem gehen<br>ihren lebenslauf<br>winde steigen winde wehen<br>immer sanft: bergauf<\/p>\n\n\n\n<p>bleib nur st\u00e4ndig wanderm\u00fchle<br>sei der pfad auch schwer<br>bei alten dingen schau und f\u00fchle<br>stets die wiederkehr<\/p>\n\n\n\n<p>aus schatten kl\u00fcften aus der k\u00fchle<br>denk dir ein zuhaus<br>dreh dich freudig teure m\u00fchle<br>aller nacht voraus<\/p>\n<\/div>\n<\/div>\n<\/div>\n\n\n<\/div>\n<p><!-- \/wp:post-content --><\/p>","protected":false},"excerpt":{"rendered":"<p>und obwohl auch nur hauch und schimmer,das leben jedoch ist,so etwas ist es, was man immerim leben selbst vermisst,und deshalb wahrlich: mensch, erfahre!ins leben sacht hinein!sonst w\u00e4ren all die langen jahrean und f\u00fcr sich ein schein 1994 nov. in allen breiten, allen weitenunz\u00e4hlbare genauigkeiten,was auch so fern, was auch so nahes scheint, die welt ist [&hellip;]<\/p>\n","protected":false},"author":1,"featured_media":0,"parent":0,"menu_order":0,"comment_status":"closed","ping_status":"closed","template":"","meta":{"give_campaign_id":0,"_monsterinsights_skip_tracking":false,"_monsterinsights_sitenote_active":false,"_monsterinsights_sitenote_note":"","_monsterinsights_sitenote_category":0,"_uf_show_specific_survey":0,"_uf_disable_surveys":false,"footnotes":""},"class_list":["post-547","page","type-page","status-publish","hentry"],"aioseo_notices":[],"campaignId":"","_links":{"self":[{"href":"https:\/\/reinsepp.org.ee\/de\/wp-json\/wp\/v2\/pages\/547","targetHints":{"allow":["GET"]}}],"collection":[{"href":"https:\/\/reinsepp.org.ee\/de\/wp-json\/wp\/v2\/pages"}],"about":[{"href":"https:\/\/reinsepp.org.ee\/de\/wp-json\/wp\/v2\/types\/page"}],"author":[{"embeddable":true,"href":"https:\/\/reinsepp.org.ee\/de\/wp-json\/wp\/v2\/users\/1"}],"replies":[{"embeddable":true,"href":"https:\/\/reinsepp.org.ee\/de\/wp-json\/wp\/v2\/comments?post=547"}],"version-history":[{"count":4,"href":"https:\/\/reinsepp.org.ee\/de\/wp-json\/wp\/v2\/pages\/547\/revisions"}],"predecessor-version":[{"id":1108,"href":"https:\/\/reinsepp.org.ee\/de\/wp-json\/wp\/v2\/pages\/547\/revisions\/1108"}],"wp:attachment":[{"href":"https:\/\/reinsepp.org.ee\/de\/wp-json\/wp\/v2\/media?parent=547"}],"curies":[{"name":"wp","href":"https:\/\/api.w.org\/{rel}","templated":true}]}}