{"id":806,"date":"2025-04-10T15:47:39","date_gmt":"2025-04-10T15:47:39","guid":{"rendered":"https:\/\/reinsepp.org.ee\/?page_id=806"},"modified":"2025-04-10T16:02:09","modified_gmt":"2025-04-10T16:02:09","slug":"biographie","status":"publish","type":"page","link":"https:\/\/reinsepp.org.ee\/de\/biographie\/","title":{"rendered":"Biographie"},"content":{"rendered":"\n<pre id=\"tw-target-text\" class=\"wp-block-preformatted\"><\/pre>\n\n\n\n<div class=\"wp-block-columns alignwide are-vertically-aligned-center is-layout-flex wp-container-core-columns-is-layout-9effc7d7 wp-block-columns-is-layout-flex\">\n<div class=\"wp-block-column is-vertically-aligned-center is-layout-flow wp-block-column-is-layout-flow\">\n<h2 class=\"wp-block-heading has-large-font-size\">Rein Sepp<\/h2>\n\n\n\n<p style=\"margin-top:16px\">Rein Sepp (23. April 1921 \u2013 1995) war ein angesehener estnischer Schriftsteller, Dichter und \u00dcbersetzer. Er ist vor allem f\u00fcr seine \u00dcbersetzungen von alten germanischen Epen ins Estnische bekannt. Zu seinen bemerkenswerten Werken geh\u00f6ren \u00dcbersetzungen der &#8222;\u00c4lteren Edda&#8220; (1970), des &#8222;Nibelungenliedes&#8220; (1977), des &#8222;Parzival&#8220; (1989), des &#8222;Beowulf&#8220; (1990) und Ausz\u00fcge aus der &#8222;J\u00fcngeren Edda&#8220; (1990).<\/p>\n\n\n\n<p>Sepps Studien an der Universit\u00e4t Tartu wurden durch den Zweiten Weltkrieg unterbrochen, w\u00e4hrend dessen er in der deutschen Armee diente. Nach seiner Zeit in einem sowjetischen Gefangenenlager in Sibirien widmete er sich der \u00dcbersetzung verschiedener Werke aus dem Altisl\u00e4ndischen, Deutschen und Englischen. Seine \u00dcbersetzungen werden f\u00fcr ihre Genauigkeit und poetische Qualit\u00e4t gesch\u00e4tzt.<\/p>\n\n\n\n<p>Neben den epischen \u00dcbersetzungen \u00fcbersetzte Sepp Werke von Goethe, Schiller, Shakespeare und Blake, unter anderem. Er verfasste auch Science-Fiction und erhielt mehrere Literatur- und \u00dcbersetzungspreise in Estland.<\/p>\n\n\n\n<p style=\"margin-top:16px\">Rein Sepp verbrachte die letzten Jahrzehnte seines Lebens in seinem Landhaus im Dorf Ipiki.<\/p>\n<\/div>\n\n\n\n<div class=\"wp-block-column is-vertically-aligned-center is-layout-flow wp-container-core-column-is-layout-22223934 wp-block-column-is-layout-flow\">\n<div class=\"wp-block-group is-content-justification-center is-nowrap is-layout-flex wp-container-core-group-is-layout-bd120145 wp-block-group-is-layout-flex\">\n<div class=\"wp-block-group has-global-padding is-layout-constrained wp-container-core-group-is-layout-2f76c7fb wp-block-group-is-layout-constrained\">\n<figure class=\"wp-block-image size-full has-custom-border\"><img loading=\"lazy\" decoding=\"async\" width=\"240\" height=\"292\" src=\"https:\/\/reinsepp.org.ee\/wp-content\/uploads\/2024\/04\/Valdemar_Vali_maal-Rein_Sepast.jpg\" alt=\"\" class=\"wp-image-480\" style=\"border-radius:0.5rem;aspect-ratio:1;object-fit:cover\"\/><\/figure>\n<\/div>\n\n\n\n<div class=\"wp-block-group has-global-padding is-layout-constrained wp-container-core-group-is-layout-2f76c7fb wp-block-group-is-layout-constrained\">\n<figure class=\"wp-block-image size-full has-custom-border\"><img loading=\"lazy\" decoding=\"async\" width=\"989\" height=\"670\" src=\"https:\/\/reinsepp.org.ee\/wp-content\/uploads\/2024\/04\/aed.jpg\" alt=\"\" class=\"wp-image-471\" style=\"border-radius:0.5rem;aspect-ratio:3\/4;object-fit:cover\" srcset=\"https:\/\/reinsepp.org.ee\/wp-content\/uploads\/2024\/04\/aed.jpg 989w, https:\/\/reinsepp.org.ee\/wp-content\/uploads\/2024\/04\/aed-300x203.jpg 300w, https:\/\/reinsepp.org.ee\/wp-content\/uploads\/2024\/04\/aed-768x520.jpg 768w\" sizes=\"auto, (max-width: 989px) 100vw, 989px\" \/><\/figure>\n<\/div>\n<\/div>\n\n\n\n<div class=\"wp-block-group is-content-justification-center is-nowrap is-layout-flex wp-container-core-group-is-layout-e3976e77 wp-block-group-is-layout-flex\">\n<div class=\"wp-block-group has-global-padding is-layout-constrained wp-container-core-group-is-layout-2f76c7fb wp-block-group-is-layout-constrained\">\n<figure class=\"wp-block-image size-full has-custom-border\"><img loading=\"lazy\" decoding=\"async\" width=\"250\" height=\"340\" src=\"https:\/\/reinsepp.org.ee\/wp-content\/uploads\/2024\/04\/Maalmutsiga.jpg\" alt=\"\" class=\"wp-image-489\" style=\"border-radius:0.5rem;aspect-ratio:4\/3;object-fit:cover\" srcset=\"https:\/\/reinsepp.org.ee\/wp-content\/uploads\/2024\/04\/Maalmutsiga.jpg 250w, https:\/\/reinsepp.org.ee\/wp-content\/uploads\/2024\/04\/Maalmutsiga-221x300.jpg 221w\" sizes=\"auto, (max-width: 250px) 100vw, 250px\" \/><\/figure>\n<\/div>\n\n\n\n<div class=\"wp-block-group has-global-padding is-layout-constrained wp-container-core-group-is-layout-2f76c7fb wp-block-group-is-layout-constrained\">\n<figure class=\"wp-block-image size-full has-custom-border\"><img loading=\"lazy\" decoding=\"async\" width=\"652\" height=\"502\" src=\"https:\/\/reinsepp.org.ee\/wp-content\/uploads\/2024\/04\/kaev.jpg\" alt=\"\" class=\"wp-image-423\" style=\"border-radius:0.5rem;aspect-ratio:3\/4;object-fit:cover\" srcset=\"https:\/\/reinsepp.org.ee\/wp-content\/uploads\/2024\/04\/kaev.jpg 652w, https:\/\/reinsepp.org.ee\/wp-content\/uploads\/2024\/04\/kaev-300x231.jpg 300w\" sizes=\"auto, (max-width: 652px) 100vw, 652px\" \/><\/figure>\n<\/div>\n\n\n\n<div class=\"wp-block-group has-global-padding is-layout-constrained wp-container-core-group-is-layout-2f76c7fb wp-block-group-is-layout-constrained\">\n<figure class=\"wp-block-image size-full has-custom-border\"><img loading=\"lazy\" decoding=\"async\" width=\"711\" height=\"466\" src=\"https:\/\/reinsepp.org.ee\/wp-content\/uploads\/2024\/04\/hobune.jpg\" alt=\"\" class=\"wp-image-495\" style=\"border-radius:1rem;aspect-ratio:4\/3;object-fit:cover\" srcset=\"https:\/\/reinsepp.org.ee\/wp-content\/uploads\/2024\/04\/hobune.jpg 711w, https:\/\/reinsepp.org.ee\/wp-content\/uploads\/2024\/04\/hobune-300x197.jpg 300w\" sizes=\"auto, (max-width: 711px) 100vw, 711px\" \/><\/figure>\n<\/div>\n<\/div>\n<\/div>\n<\/div>\n\n\n\n<div class=\"wp-block-group alignfull has-background-background-color has-background has-global-padding is-layout-constrained wp-container-core-group-is-layout-7276a2bb wp-block-group-is-layout-constrained\" style=\"margin-top:0;margin-bottom:0;padding-top:var(--wp--preset--spacing--60);padding-right:var(--wp--preset--spacing--30);padding-bottom:var(--wp--preset--spacing--60);padding-left:var(--wp--preset--spacing--30)\"><\/div>\n","protected":false},"excerpt":{"rendered":"<p>Rein Sepp Rein Sepp (23. April 1921 \u2013 1995) war ein angesehener estnischer Schriftsteller, Dichter und \u00dcbersetzer. Er ist vor allem f\u00fcr seine \u00dcbersetzungen von alten germanischen Epen ins Estnische bekannt. Zu seinen bemerkenswerten Werken geh\u00f6ren \u00dcbersetzungen der &#8222;\u00c4lteren Edda&#8220; (1970), des &#8222;Nibelungenliedes&#8220; (1977), des &#8222;Parzival&#8220; (1989), des &#8222;Beowulf&#8220; (1990) und Ausz\u00fcge aus der &#8222;J\u00fcngeren [&hellip;]<\/p>\n","protected":false},"author":1,"featured_media":0,"parent":0,"menu_order":0,"comment_status":"closed","ping_status":"closed","template":"","meta":{"give_campaign_id":0,"_monsterinsights_skip_tracking":false,"_monsterinsights_sitenote_active":false,"_monsterinsights_sitenote_note":"","_monsterinsights_sitenote_category":0,"_uf_show_specific_survey":0,"_uf_disable_surveys":false,"footnotes":""},"class_list":["post-806","page","type-page","status-publish","hentry"],"aioseo_notices":[],"campaignId":"","_links":{"self":[{"href":"https:\/\/reinsepp.org.ee\/de\/wp-json\/wp\/v2\/pages\/806","targetHints":{"allow":["GET"]}}],"collection":[{"href":"https:\/\/reinsepp.org.ee\/de\/wp-json\/wp\/v2\/pages"}],"about":[{"href":"https:\/\/reinsepp.org.ee\/de\/wp-json\/wp\/v2\/types\/page"}],"author":[{"embeddable":true,"href":"https:\/\/reinsepp.org.ee\/de\/wp-json\/wp\/v2\/users\/1"}],"replies":[{"embeddable":true,"href":"https:\/\/reinsepp.org.ee\/de\/wp-json\/wp\/v2\/comments?post=806"}],"version-history":[{"count":2,"href":"https:\/\/reinsepp.org.ee\/de\/wp-json\/wp\/v2\/pages\/806\/revisions"}],"predecessor-version":[{"id":820,"href":"https:\/\/reinsepp.org.ee\/de\/wp-json\/wp\/v2\/pages\/806\/revisions\/820"}],"wp:attachment":[{"href":"https:\/\/reinsepp.org.ee\/de\/wp-json\/wp\/v2\/media?parent=806"}],"curies":[{"name":"wp","href":"https:\/\/api.w.org\/{rel}","templated":true}]}}